{"id":75,"date":"2024-01-11T17:22:26","date_gmt":"2024-01-11T20:22:26","guid":{"rendered":"https:\/\/classificados2024.aulasninjayt.com\/?page_id=75"},"modified":"2025-03-05T15:01:03","modified_gmt":"2025-03-05T18:01:03","slug":"registro","status":"publish","type":"page","link":"https:\/\/classcondo.com.br\/villaggiodiverona\/registro\/","title":{"rendered":"Registro"},"content":{"rendered":"\t\t<div data-elementor-type=\"wp-page\" data-elementor-id=\"75\" class=\"elementor elementor-75\" data-elementor-post-type=\"page\">\n\t\t\t\t<div class=\"elementor-element elementor-element-5a13c8c e-flex e-con-boxed wpr-particle-no wpr-jarallax-no wpr-parallax-no wpr-sticky-section-no wpr-equal-height-no e-con e-parent\" data-id=\"5a13c8c\" data-element_type=\"container\" data-e-type=\"container\" data-settings=\"{&quot;background_background&quot;:&quot;classic&quot;}\">\n\t\t\t\t\t<div class=\"e-con-inner\">\n\t\t\t\t<div class=\"elementor-element elementor-element-4cd0a21 elementor-widget elementor-widget-heading\" data-id=\"4cd0a21\" data-element_type=\"widget\" data-e-type=\"widget\" data-widget_type=\"heading.default\">\n\t\t\t\t<div class=\"elementor-widget-container\">\n\t\t\t\t\t<h1 class=\"elementor-heading-title elementor-size-default\">Registro de vendedores e logistas<\/h1>\t\t\t\t<\/div>\n\t\t\t\t<\/div>\n\t\t\t\t\t<\/div>\n\t\t\t\t<\/div>\n\t\t<div class=\"elementor-element elementor-element-3ee96b2 e-flex e-con-boxed wpr-particle-no wpr-jarallax-no wpr-parallax-no wpr-sticky-section-no wpr-equal-height-no e-con e-parent\" data-id=\"3ee96b2\" data-element_type=\"container\" data-e-type=\"container\">\n\t\t\t\t\t<div class=\"e-con-inner\">\n\t\t\t\t<div class=\"elementor-element elementor-element-25e3345 elementor-widget elementor-widget-jet-engine-booking-form\" data-id=\"25e3345\" data-element_type=\"widget\" data-e-type=\"widget\" data-widget_type=\"jet-engine-booking-form.default\">\n\t\t\t\t<div class=\"elementor-widget-container\">\n\t\t\t\t\t<form  class=\"jet-form layout-column submit-type-reload\" action=\"\/villaggiodiverona\/wp-json\/wp\/v2\/pages\/75?jet_engine_action=book&#038;nocache=1778159602\" method=\"POST\" data-form-id=\"384\"><input class=\"jet-form__field hidden-field\" type=\"hidden\" name=\"_jet_engine_booking_form_id\" value=\"384\" data-field-name=\"_jet_engine_booking_form_id\"><input class=\"jet-form__field hidden-field\" type=\"hidden\" name=\"_jet_engine_refer\" value=\"https:\/\/classcondo.com.br\/villaggiodiverona\/wp-json\/wp\/v2\/pages\/75\" data-field-name=\"_jet_engine_refer\"><div  class=\"jet-form-row jet-form-row--first-visible\"><div class=\"jet-form-col jet-form-col-6  field-type-text  jet-form-field-container\" data-field=\"nome_de_usuario\" data-conditional=\"false\"><div class=\"jet-form__label\">\n\t<span class=\"jet-form__label-text\" >Nome de Usu\u00e1rio<span class=\"jet-form__required\">*<\/span><\/span>\n\t<\/div><input class=\"jet-form__field text-field \" value=\"\" required=\"required\" name=\"nome_de_usuario\" id=\"nome_de_usuario\" type=\"text\" data-field-name=\"nome_de_usuario\"><\/div><div class=\"jet-form-col jet-form-col-6  field-type-text  jet-form-field-container\" data-field=\"email\" data-conditional=\"false\"><div class=\"jet-form__label\">\n\t<span class=\"jet-form__label-text\" >Email<span class=\"jet-form__required\">*<\/span><\/span>\n\t<\/div><input class=\"jet-form__field text-field \" value=\"\" required=\"required\" name=\"email\" id=\"email\" type=\"email\" data-field-name=\"email\"><\/div><\/div><div  class=\"jet-form-row\"><div class=\"jet-form-col jet-form-col-6  field-type-text  jet-form-field-container\" data-field=\"senha\" data-conditional=\"false\"><div class=\"jet-form__label\">\n\t<span class=\"jet-form__label-text\" >Senha<span class=\"jet-form__required\">*<\/span><\/span>\n\t<\/div><input class=\"jet-form__field text-field \" value=\"\" required=\"required\" name=\"senha\" id=\"senha\" type=\"password\" data-field-name=\"senha\"><\/div><div class=\"jet-form-col jet-form-col-6  field-type-text  jet-form-field-container\" data-field=\"confirmar-senha\" data-conditional=\"false\"><div class=\"jet-form__label\">\n\t<span class=\"jet-form__label-text\" >Confirmar Senha<span class=\"jet-form__required\">*<\/span><\/span>\n\t<\/div><input class=\"jet-form__field text-field \" value=\"\" required=\"required\" name=\"confirmar-senha\" id=\"confirmar-senha\" type=\"password\" data-field-name=\"confirmar-senha\"><\/div><\/div><div  class=\"jet-form-row\"><div class=\"jet-form-col jet-form-col-6  field-type-text  jet-form-field-container\" data-field=\"_nome-da-loja\" data-conditional=\"false\"><div class=\"jet-form__label\">\n\t<span class=\"jet-form__label-text\" >Nome da Loja<\/span>\n\t<\/div><input class=\"jet-form__field text-field \" value=\"\" name=\"_nome-da-loja\" id=\"_nome-da-loja\" type=\"text\" data-field-name=\"_nome-da-loja\"><\/div><div class=\"jet-form-col jet-form-col-6  field-type-text  jet-form-field-container\" data-field=\"_whatsapp-vendedor\" data-conditional=\"false\"><div class=\"jet-form__label\">\n\t<span class=\"jet-form__label-text\" >Whatsapp Vendedor<\/span>\n\t<\/div><input class=\"jet-form__field text-field \" value=\"\" name=\"_whatsapp-vendedor\" id=\"_whatsapp-vendedor\" type=\"text\" data-field-name=\"_whatsapp-vendedor\"><\/div><\/div><div  class=\"jet-form-row\"><div class=\"jet-form-col jet-form-col-6  field-type-text  jet-form-field-container\" data-field=\"_localizacao-vendedor\" data-conditional=\"false\"><div class=\"jet-form__label\">\n\t<span class=\"jet-form__label-text\" >Localiza\u00e7\u00e3o Vendedor<\/span>\n\t<\/div><input class=\"jet-form__field text-field \" value=\"\" name=\"_localizacao-vendedor\" id=\"_localizacao-vendedor\" type=\"text\" data-field-name=\"_localizacao-vendedor\"><\/div><div class=\"jet-form-col jet-form-col-6  field-type-text  jet-form-field-container\" data-field=\"_telefone-vendedor\" data-conditional=\"false\"><div class=\"jet-form__label\">\n\t<span class=\"jet-form__label-text\" >Telefone Vendedor<\/span>\n\t<\/div><input class=\"jet-form__field text-field \" value=\"\" name=\"_telefone-vendedor\" id=\"_telefone-vendedor\" type=\"text\" data-field-name=\"_telefone-vendedor\"><\/div><\/div><div  class=\"jet-form-row\"><div class=\"jet-form-col jet-form-col-12  field-type-wysiwyg  jet-form-field-container\" data-field=\"_descricao-loja\" data-conditional=\"false\"><div class=\"jet-form__label\">\n\t<span class=\"jet-form__label-text\" >Descri\u00e7\u00e3o da Loja<\/span>\n\t<\/div><div class=\"jet-form__field wysiwyg-field\" data-editor=\"{&quot;textarea_name&quot;:&quot;_descricao-loja&quot;,&quot;media_buttons&quot;:false,&quot;textarea_rows&quot;:8,&quot;quicktags&quot;:false,&quot;tinymce&quot;:{&quot;plugins&quot;:&quot;lists,paste,tabfocus,link,wordpress&quot;,&quot;paste_as_text&quot;:true,&quot;paste_auto_cleanup_on_paste&quot;:true,&quot;paste_remove_spans&quot;:true,&quot;paste_remove_styles&quot;:true,&quot;paste_remove_styles_if_webkit&quot;:true,&quot;paste_strip_class_attributes&quot;:true,&quot;toolbar1&quot;:&quot;formatselect,|,bold,italic,strikethrough,blockquote,|,bullist,numlist,|,alignleft,aligncenter,alignright,|,link,unlink,|,undo,redo&quot;,&quot;toolbar2&quot;:&quot;&quot;,&quot;toolbar3&quot;:&quot;&quot;,&quot;toolbar4&quot;:&quot;&quot;}}\"><div id=\"wp-wp_editor__descricao-loja-wrap\" class=\"wp-core-ui wp-editor-wrap tmce-active\"><link rel='stylesheet' id='dashicons-css' href='https:\/\/classcondo.com.br\/villaggiodiverona\/wp-includes\/css\/dashicons.min.css?ver=6.8.5' type='text\/css' media='all' \/>\n<link rel='stylesheet' id='editor-buttons-css' href='https:\/\/classcondo.com.br\/villaggiodiverona\/wp-includes\/css\/editor.min.css?ver=6.8.5' type='text\/css' media='all' \/>\n<div id=\"wp-wp_editor__descricao-loja-editor-container\" class=\"wp-editor-container\"><textarea class=\"wp-editor-area\" rows=\"8\" autocomplete=\"off\" cols=\"40\" name=\"_descricao-loja\" id=\"wp_editor__descricao-loja\"><\/textarea><\/div>\n<\/div>\n\n<\/div>\n<\/div><\/div><div  class=\"jet-form-row jet-form-row--submit\"><div class=\"jet-form-col jet-form-col-12  field-type-submit  jet-form-field-container\" data-field=\"Submit\" data-conditional=\"false\"><div class=\"jet-form__submit-wrap\">\n\t\t<button class=\"jet-form__submit submit-type-reload\" type=\"submit\">Fazer Registro<\/button>\n<\/div><\/div><\/div><input class=\"jet-form__field hidden-field\" type=\"hidden\" name=\"_jet_engine_nonce\" value=\"95f6fadd02\" data-field-name=\"_jet_engine_nonce\"><\/form>\t\t\t\t<\/div>\n\t\t\t\t<\/div>\n\t\t\t\t\t<\/div>\n\t\t\t\t<\/div>\n\t\t\t\t<\/div>\n\t\t","protected":false},"excerpt":{"rendered":"<p>Registro de vendedores e logistas Nome de Usu\u00e1rio* Email* Senha* Senha* Nome da Loja Descri\u00e7\u00e3o da Loja Localiza\u00e7\u00e3o Vendedor Whatsapp Vendedor Telefone Vendedor Fazer Registro<\/p>\n","protected":false},"author":24,"featured_media":0,"parent":0,"menu_order":0,"comment_status":"closed","ping_status":"closed","template":"elementor_header_footer","meta":{"footnotes":""},"class_list":["post-75","page","type-page","status-publish","hentry"],"_links":{"self":[{"href":"https:\/\/classcondo.com.br\/villaggiodiverona\/wp-json\/wp\/v2\/pages\/75","targetHints":{"allow":["GET"]}}],"collection":[{"href":"https:\/\/classcondo.com.br\/villaggiodiverona\/wp-json\/wp\/v2\/pages"}],"about":[{"href":"https:\/\/classcondo.com.br\/villaggiodiverona\/wp-json\/wp\/v2\/types\/page"}],"author":[{"embeddable":true,"href":"https:\/\/classcondo.com.br\/villaggiodiverona\/wp-json\/wp\/v2\/users\/24"}],"replies":[{"embeddable":true,"href":"https:\/\/classcondo.com.br\/villaggiodiverona\/wp-json\/wp\/v2\/comments?post=75"}],"version-history":[{"count":10,"href":"https:\/\/classcondo.com.br\/villaggiodiverona\/wp-json\/wp\/v2\/pages\/75\/revisions"}],"predecessor-version":[{"id":649,"href":"https:\/\/classcondo.com.br\/villaggiodiverona\/wp-json\/wp\/v2\/pages\/75\/revisions\/649"}],"wp:attachment":[{"href":"https:\/\/classcondo.com.br\/villaggiodiverona\/wp-json\/wp\/v2\/media?parent=75"}],"curies":[{"name":"wp","href":"https:\/\/api.w.org\/{rel}","templated":true}]}}