{"id":549,"date":"2025-03-04T13:46:32","date_gmt":"2025-03-04T16:46:32","guid":{"rendered":"https:\/\/classificados2.ninjaprocoders.com\/?page_id=549"},"modified":"2025-03-04T13:48:10","modified_gmt":"2025-03-04T16:48:10","slug":"lista-favoritos","status":"publish","type":"page","link":"https:\/\/classcondo.com.br\/villaggiodiverona\/lista-favoritos\/","title":{"rendered":"Lista Favoritos"},"content":{"rendered":"\t\t<div data-elementor-type=\"wp-page\" data-elementor-id=\"549\" class=\"elementor elementor-549\" data-elementor-post-type=\"page\">\n\t\t\t\t<div class=\"elementor-element elementor-element-56e11d5 e-flex e-con-boxed wpr-particle-no wpr-jarallax-no wpr-parallax-no wpr-sticky-section-no wpr-equal-height-no e-con e-parent\" data-id=\"56e11d5\" data-element_type=\"container\" data-e-type=\"container\" data-settings=\"{&quot;background_background&quot;:&quot;classic&quot;}\">\n\t\t\t\t\t<div class=\"e-con-inner\">\n\t\t\t\t<div class=\"elementor-element elementor-element-3dd2057 elementor-widget elementor-widget-heading\" data-id=\"3dd2057\" data-element_type=\"widget\" data-e-type=\"widget\" data-widget_type=\"heading.default\">\n\t\t\t\t<div class=\"elementor-widget-container\">\n\t\t\t\t\t<h2 class=\"elementor-heading-title elementor-size-default\">Meus Favoritos<\/h2>\t\t\t\t<\/div>\n\t\t\t\t<\/div>\n\t\t\t\t\t<\/div>\n\t\t\t\t<\/div>\n\t\t<div class=\"elementor-element elementor-element-3de8e87 e-flex e-con-boxed wpr-particle-no wpr-jarallax-no wpr-parallax-no wpr-sticky-section-no wpr-equal-height-no e-con e-parent\" data-id=\"3de8e87\" data-element_type=\"container\" data-e-type=\"container\">\n\t\t\t\t\t<div class=\"e-con-inner\">\n\t\t\t\t<div class=\"elementor-element elementor-element-3d92b84 elementor-widget__width-inherit elementor-widget elementor-widget-jet-listing-grid\" data-id=\"3d92b84\" data-element_type=\"widget\" data-e-type=\"widget\" id=\"filtro-home\" data-settings=\"{&quot;columns&quot;:&quot;3&quot;,&quot;columns_laptop&quot;:&quot;2&quot;,&quot;columns_mobile&quot;:&quot;1&quot;}\" data-widget_type=\"jet-listing-grid.default\">\n\t\t\t\t<div class=\"elementor-widget-container\">\n\t\t\t\t\t<div class=\"jet-listing-grid jet-listing\"><div class=\"jet-listing-not-found jet-listing-grid__items\" data-nav=\"{&quot;enabled&quot;:true,&quot;type&quot;:&quot;scroll&quot;,&quot;more_el&quot;:null,&quot;query&quot;:{&quot;post_status&quot;:[&quot;publish&quot;],&quot;post_type&quot;:&quot;classificados&quot;,&quot;posts_per_page&quot;:&quot;600&quot;,&quot;paged&quot;:&quot;1&quot;,&quot;ignore_sticky_posts&quot;:&quot;1&quot;,&quot;suppress_filters&quot;:false,&quot;jet_smart_filters&quot;:&quot;jet-engine\\\/filtro-home&quot;,&quot;post__in&quot;:[&quot;no-posts&quot;]},&quot;widget_settings&quot;:{&quot;lisitng_id&quot;:57,&quot;posts_num&quot;:600,&quot;columns&quot;:3,&quot;columns_tablet&quot;:3,&quot;columns_mobile&quot;:1,&quot;column_min_width&quot;:240,&quot;column_min_width_tablet&quot;:240,&quot;column_min_width_mobile&quot;:240,&quot;inline_columns_css&quot;:false,&quot;is_archive_template&quot;:&quot;&quot;,&quot;post_status&quot;:[&quot;publish&quot;],&quot;use_random_posts_num&quot;:&quot;&quot;,&quot;max_posts_num&quot;:9,&quot;not_found_message&quot;:&quot;Nenhum im\\u00f3vel nos favoritos.&quot;,&quot;is_masonry&quot;:false,&quot;equal_columns_height&quot;:&quot;&quot;,&quot;use_load_more&quot;:&quot;yes&quot;,&quot;load_more_id&quot;:&quot;&quot;,&quot;load_more_type&quot;:&quot;scroll&quot;,&quot;load_more_offset&quot;:{&quot;unit&quot;:&quot;px&quot;,&quot;size&quot;:0,&quot;sizes&quot;:[]},&quot;use_custom_post_types&quot;:&quot;&quot;,&quot;custom_post_types&quot;:[],&quot;hide_widget_if&quot;:&quot;&quot;,&quot;carousel_enabled&quot;:&quot;&quot;,&quot;slides_to_scroll&quot;:&quot;1&quot;,&quot;arrows&quot;:&quot;true&quot;,&quot;arrow_icon&quot;:&quot;fa fa-angle-left&quot;,&quot;dots&quot;:&quot;&quot;,&quot;autoplay&quot;:&quot;true&quot;,&quot;pause_on_hover&quot;:&quot;true&quot;,&quot;autoplay_speed&quot;:5000,&quot;infinite&quot;:&quot;true&quot;,&quot;center_mode&quot;:&quot;&quot;,&quot;effect&quot;:&quot;slide&quot;,&quot;speed&quot;:500,&quot;inject_alternative_items&quot;:&quot;&quot;,&quot;injection_items&quot;:[],&quot;scroll_slider_enabled&quot;:&quot;&quot;,&quot;scroll_slider_on&quot;:[&quot;desktop&quot;,&quot;tablet&quot;,&quot;mobile&quot;],&quot;custom_query&quot;:false,&quot;custom_query_id&quot;:&quot;&quot;,&quot;_element_id&quot;:&quot;filtro-home&quot;,&quot;collapse_first_last_gap&quot;:false,&quot;list_items_wrapper_tag&quot;:&quot;div&quot;,&quot;list_item_tag&quot;:&quot;div&quot;,&quot;empty_items_wrapper_tag&quot;:&quot;div&quot;}}\" data-listing-source=\"posts\" data-listing-id=\"57\" data-query-id=\"\" data-queried-id=\"549|WP_Post\">Nenhum im\u00f3vel nos favoritos.<\/div><\/div>\t\t\t\t<\/div>\n\t\t\t\t<\/div>\n\t\t\t\t<div class=\"elementor-element elementor-element-181eae3 elementor-widget elementor-widget-html\" data-id=\"181eae3\" data-element_type=\"widget\" data-e-type=\"widget\" data-widget_type=\"html.default\">\n\t\t\t\t<div class=\"elementor-widget-container\">\n\t\t\t\t\t<script>\ndocument.addEventListener(\"DOMContentLoaded\", function () {\n    \/\/ Fun\u00e7\u00e3o para adicionar eventos de clique\n    function addClickEventToFavorites() {\n        const favoriteButtons = document.querySelectorAll(\".btn-favorito\");\n\n        if (favoriteButtons.length === 0) {\n            console.warn(\"Nenhum bot\u00e3o com a classe '.btn-favorito' foi encontrado.\");\n            return;\n        }\n\n        console.log(`${favoriteButtons.length} bot\u00e3o(\u00f5es) encontrados.`);\n\n        favoriteButtons.forEach(function (button) {\n            \/\/ Remove event listeners duplicados\n            button.removeEventListener(\"click\", handleFavoriteClick);\n            button.addEventListener(\"click\", handleFavoriteClick);\n        });\n    }\n\n    \/\/ Fun\u00e7\u00e3o que ser\u00e1 executada ao clicar no bot\u00e3o\n    function handleFavoriteClick(event) {\n        event.preventDefault(); \/\/ Evita comportamento padr\u00e3o\n        console.log(\"Bot\u00e3o favorito clicado!\");\n\n        \/\/ Recarrega a p\u00e1gina com um pequeno atraso\n        setTimeout(() => {\n            console.log(\"Recarregando a p\u00e1gina...\");\n            window.location.reload();\n        }, 600); \/\/ Tempo de delay (em milissegundos)\n    }\n\n    \/\/ Executa inicialmente\n    addClickEventToFavorites();\n\n    \/\/ Observa altera\u00e7\u00f5es no DOM caso os bot\u00f5es sejam din\u00e2micos\n    const observer = new MutationObserver(addClickEventToFavorites);\n    observer.observe(document.body, { childList: true, subtree: true });\n});\n<\/script>\n\t\t\t\t<\/div>\n\t\t\t\t<\/div>\n\t\t\t\t\t<\/div>\n\t\t\t\t<\/div>\n\t\t\t\t<\/div>\n\t\t","protected":false},"excerpt":{"rendered":"<p>Meus Favoritos Nenhum im\u00f3vel nos favoritos.<\/p>\n","protected":false},"author":24,"featured_media":0,"parent":0,"menu_order":0,"comment_status":"closed","ping_status":"closed","template":"elementor_header_footer","meta":{"footnotes":""},"class_list":["post-549","page","type-page","status-publish","hentry"],"_links":{"self":[{"href":"https:\/\/classcondo.com.br\/villaggiodiverona\/wp-json\/wp\/v2\/pages\/549","targetHints":{"allow":["GET"]}}],"collection":[{"href":"https:\/\/classcondo.com.br\/villaggiodiverona\/wp-json\/wp\/v2\/pages"}],"about":[{"href":"https:\/\/classcondo.com.br\/villaggiodiverona\/wp-json\/wp\/v2\/types\/page"}],"author":[{"embeddable":true,"href":"https:\/\/classcondo.com.br\/villaggiodiverona\/wp-json\/wp\/v2\/users\/24"}],"replies":[{"embeddable":true,"href":"https:\/\/classcondo.com.br\/villaggiodiverona\/wp-json\/wp\/v2\/comments?post=549"}],"version-history":[{"count":4,"href":"https:\/\/classcondo.com.br\/villaggiodiverona\/wp-json\/wp\/v2\/pages\/549\/revisions"}],"predecessor-version":[{"id":554,"href":"https:\/\/classcondo.com.br\/villaggiodiverona\/wp-json\/wp\/v2\/pages\/549\/revisions\/554"}],"wp:attachment":[{"href":"https:\/\/classcondo.com.br\/villaggiodiverona\/wp-json\/wp\/v2\/media?parent=549"}],"curies":[{"name":"wp","href":"https:\/\/api.w.org\/{rel}","templated":true}]}}